{"id":2790,"date":"2022-12-23T13:03:31","date_gmt":"2022-12-23T12:03:31","guid":{"rendered":"https:\/\/vinosmaktub.com\/terminos-y-condiciones-generales-de-servicio\/"},"modified":"2024-10-23T15:55:26","modified_gmt":"2024-10-23T13:55:26","slug":"terms-and-conditions","status":"publish","type":"page","link":"https:\/\/vinosmaktub.com\/en\/terms-and-conditions\/","title":{"rendered":"Terms and Conditions"},"content":{"rendered":"\t\t<div data-elementor-type=\"wp-page\" data-elementor-id=\"2790\" class=\"elementor elementor-2790 elementor-11\" data-elementor-post-type=\"page\">\n\t\t\t\t\t\t<section class=\"elementor-section elementor-top-section elementor-element elementor-element-669842a7 elementor-section-boxed elementor-section-height-default elementor-section-height-default\" data-id=\"669842a7\" data-element_type=\"section\" data-e-type=\"section\">\n\t\t\t\t\t\t<div class=\"elementor-container elementor-column-gap-default\">\n\t\t\t\t\t<div class=\"elementor-column elementor-col-100 elementor-top-column elementor-element elementor-element-52343e48\" data-id=\"52343e48\" data-element_type=\"column\" data-e-type=\"column\">\n\t\t\t<div class=\"elementor-widget-wrap elementor-element-populated\">\n\t\t\t\t\t\t<div class=\"elementor-element elementor-element-6f50054 elementor-widget elementor-widget-text-editor\" data-id=\"6f50054\" data-element_type=\"widget\" data-e-type=\"widget\" data-widget_type=\"text-editor.default\">\n\t\t\t\t<div class=\"elementor-widget-container\">\n\t\t\t\t\t\t\t\t\t<h1>T\u00e9rminos y Condiciones generales de Servicio<\/h1>\n\t\t\t\t\t\t\t\t<\/div>\n\t\t\t\t<\/div>\n\t\t\t\t<div class=\"elementor-element elementor-element-9d84c62 elementor-widget elementor-widget-text-editor\" data-id=\"9d84c62\" data-element_type=\"widget\" data-e-type=\"widget\" data-widget_type=\"text-editor.default\">\n\t\t\t\t<div class=\"elementor-widget-container\">\n\t\t\t\t\t\t\t\t\t<p>Estas Condiciones Generales de Servicio se aplican a la compra de los productos\/servicios que <strong>MARKUB S.L.<\/strong> comercializa a trav\u00e9s del sitio web alojado en la URL&nbsp;<strong>WWW.VINOSMAKTUB.COM<\/strong> a cualquier usuario.<\/p>\n<p>Los datos de identificaci\u00f3n y contacto de <strong>MARKUB S.L.<\/strong> son los siguientes:<\/p>\n<p>Domicilio social: <strong>C\/ TOMAS BRETON N\u00ba 50, MADRID (28045)<\/strong><br>C.I.F n\u00ba: <strong>B16780884 <\/strong><br>E-mail:&nbsp;<a href=\"mailto:dpo@vinosmaktub.com\"><strong><em>dpo@vinosmaktub.com<\/em><\/strong><\/a><\/p>\n<p>Tel\u00e9fono: (+34) <strong><em>915391399<\/em><\/strong><\/p>\n<p>La compra de los productos y\/o servicios ofrecidos a trav\u00e9s del Sitio Web conlleva&nbsp;<strong><u>la aceptaci\u00f3n de los t\u00e9rminos y condiciones previstos en estas Condiciones Generales de Servicio por lo que, antes de proceder a su aceptaci\u00f3n, lea atentamente su contenido<\/u><\/strong>. Si no acepta las presentes Condiciones Generales, la compra de los productos\/servicios no se llevar\u00e1 a cabo y, en consecuencia, no comportar\u00e1 la asunci\u00f3n de ning\u00fan tipo de obligaci\u00f3n ni de responsabilidad por parte de <strong>MARKUB S.L.<\/strong>. <\/p>\n<p>Al realizar un pedido de compra a trav\u00e9s del Sitio Web, el Cliente declara ser mayor de 18 a\u00f1os de edad y tener capacidad legal para contratar los productos del Sitio Web.<\/p>\n<p>Para realizar un pedido de compra, el Cliente deber\u00e1 seguir cada uno de los tr\u00e1mites del procedimiento de compra previstos en el Sitio Web.<\/p>\n<p><strong>MARKUB S.L.<\/strong> se reserva el derecho de modificar el contenido y\/o alcance de las Condiciones Generales de Servicio en cualquier momento, sin necesidad de comunicarlo ni avisarlo previamente, por lo que lea atentamente su contenido ya que es responsabilidad del Cliente revisar las Condiciones Generales de Servicio antes de comprar cualquier producto del Sitio Web.<\/p>\n<h2>Precio y forma de pago<\/h2>\n<p>El precio de los productos ser\u00e1 el que aparezca en la moneda indicada junto a cada producto del Sitio Web<\/p>\n<p><strong>MARKUB S.L.<\/strong> se reserva el derecho de efectuar, en cualquier momento y sin previo aviso, las modificaciones que considere oportunas, pudiendo actualizar con frecuencia los productos o los precios. El precio aplicable a la solicitud de compra efectuada por el Cliente ser\u00e1 el que conste en el momento de aceptar las Condiciones Generales de Servicio. <\/p>\n<p>El Cliente podr\u00e1 realizar el pago de los productos mediante cualquiera de los medios de pago se\u00f1alados a continuaci\u00f3n:<\/p>\n<ul>\n<li><strong>Pago con tarjeta&nbsp;<\/strong>El Cliente deber\u00e1 incluir el n\u00famero de su tarjeta de d\u00e9bito\/cr\u00e9dito (Visa, Visa Electr\u00f3n y Mastercard), as\u00ed como el resto de informaci\u00f3n adicional, que le sea requerida en el procedimiento de compra. El cargo se efectuar\u00e1 una vez que sea aceptado por la entidad financiera del Cliente ya que, en caso contrario, la compra no podr\u00e1 llevarse a cabo. <\/li>\n<li><br><strong>Pago mediante PAYPAL:&nbsp;<\/strong>ser\u00e1 necesario que el Cliente disponga de una cuenta PayPal para utilizar este medio de pago.<\/li>\n<\/ul>\n<p>Una vez finalizado el proceso de compra, se generar\u00e1 una confirmaci\u00f3n v\u00eda electr\u00f3nica, adjunt\u00e1ndose una copia de las Condiciones Generales de Servicio, que el Cliente podr\u00e1 imprimir, qued\u00e1ndose archivado en la secci\u00f3n \u201c<strong>Mi Cuenta<\/strong>\u201d.<\/p>\n<p><strong>MARKUB S.L.<\/strong> no tiene acceso ni almacena datos sensibles relativos al medio de pago utilizado por el Cliente. \u00danicamente la entidad correspondiente procesadora del pago tiene acceso a estos datos a modo de gesti\u00f3n de los pagos y cobros. <\/p>\n<p><strong>MARKUB S.L.<\/strong> ha implementado un programa de detecci\u00f3n de posibles operaciones fraudulentas y se reserva el derecho a solicitar informaci\u00f3n, confirmaciones y\/o documentos adicionales al Cliente, a\u00fan despu\u00e9s de haber realizado una o m\u00e1s compras a trav\u00e9s del Sitio Web, mediante llamada telef\u00f3nica o correo electr\u00f3nico, con la finalidad de confirmar que el Cliente efectivamente ha realizado y autorizado dicha compra y\/o que la entrega o devoluci\u00f3n de la misma se ha realizado correctamente y de esta forma autoriza definitivamente la transacci\u00f3n respectiva.<\/p>\n<p><strong>MARKUB S.L.<\/strong> podr\u00e1 formular telef\u00f3nicamente diversas comprobaciones sobre la identidad del Cliente, o bien solicitar: (a) una confirmaci\u00f3n y autorizaci\u00f3n por escrito firmada por el Cliente responsable de la compra respectiva; y (b) copia de la identificaci\u00f3n oficial vigente y con fotograf\u00eda del Cliente para confirmar su identidad. <strong>MARKUB S.L.<\/strong> se obliga a guardar dicha informaci\u00f3n y documentos con elevadas medidas de seguridad, de conformidad con la normativa vigente.  <\/p>\n<p>En caso de que el Cliente no responda favorablemente o no entregue a <strong>MARKUB S.L.<\/strong> la documentaci\u00f3n e informaci\u00f3n solicitada en un plazo de 48 horas contadas a partir de la llamada o del env\u00edo del correo electr\u00f3nico por parte de <strong>MARKUB S.L.<\/strong>, la transacci\u00f3n detallada en dicha comunicaci\u00f3n y el pedido respectivo podr\u00e1n ser cancelados, sin necesidad de aviso posterior ni responsabilidad de <strong>MARKUB S.L.<\/strong> procediendo a reembolsar al Cliente el importe pagado respecto a dicha compra.<\/p>\n<p>Dicho procedimiento de verificaci\u00f3n se realiza para la seguridad del Cliente y, por tanto, al aceptar las presentes Condiciones Generales de Servicio, el Cliente acepta someterse al procedimiento de detecci\u00f3n de posibles operaciones fraudulentas referido y autoriza a <strong>MARKUB S.L.<\/strong> para que, una vez que el Cliente proporcione la informaci\u00f3n y documentos adicionales referidos, \u00e9stos puedan ser utilizados para compras futuras del mismo Cliente.<\/p>\n<h2>&nbsp;Entrega de servicios<strong><br><\/strong><\/h2>\n<p>Una vez <strong>MARKUB SL<\/strong> haya verificado que el proceso de compra se ha realizado correctamente, proceder\u00e1 a entregar los productos a la direcci\u00f3n indicada por el Cliente en el procedimiento de compra, en horario laboral habitual y en los plazos previstos en el Sitio Web.<\/p>\n<p>En caso de que, al abrir los bultos con los productos, el Cliente viera que los servicios no son los deseados deber\u00e1 comunicarlo por escrito a <strong>MARKUB SL<\/strong> en un plazo de cinco (5) d\u00edas naturales desde la compra, para que <strong>MARKUB SL<\/strong> proceda oportunamente.<\/p>\n<p>Todos los pedidos de compra de los productos est\u00e1n sujetos a disponibilidad de los mismos. En caso de falta de disponibilidad del producto contratado, <strong>MARKUB SL<\/strong> informar\u00e1 de ello al Cliente y le podr\u00e1 ofrecer un servicio de igual o superior calidad, si bien el Cliente, alternativamente, podr\u00e1 cancelar su solicitud de compra y recuperar el importe pagado en un plazo m\u00e1ximo de treinta (30) d\u00edas. <\/p>\n<p><strong>DERECHO DE DESISTIMIENTO<\/strong><\/p>\n<p>El Usuario dispondr\u00e1 de un plazo m\u00e1ximo de catorce (14) d\u00edas naturales desde la entrega del producto para desistir, total o parcialmente, de la compra del producto, de conformidad con la legislaci\u00f3n aplicable.<\/p>\n<p>Una vez finalizado el plazo de catorce (14) d\u00edas naturales, Maktub no aceptar\u00e1 devoluciones por desistimiento de compras de productos.<\/p>\n<p>En el supuesto de desistir de la compra de un producto, el Usuario deber\u00e1 ponerse en contacto con Maktub mediante el env\u00edo de un correo electr\u00f3nico a <a href=\"mailto:info@vinosmaktub.com\">info@vinosmaktub.com<\/a>. Asimismo podr\u00e1 emplear el modelo de formulario de desistimiento que se encuentra disponible <a href=\"https:\/\/vinosmaktub.com\/wp-content\/uploads\/2023\/01\/Desistimiento-compra-distancia-VINOSMAKTUB.COM_.docx\" target=\"_blank\" rel=\"noopener\">AQU\u00cd<\/a> <\/p>\n<p>En todo caso, en el supuesto de desistir de la compra, deber\u00e1n cumplirse los siguientes requisitos:<\/p>\n<ul>\n<li>El producto debe estar en el mismo estado en que se entreg\u00f3 y deber\u00e1 conservar su embalaje y etiquetado original.<\/li>\n<li>La devoluci\u00f3n a Maktub debe hacerse usando la misma caja o estuche utilizado en la entrega o, en su defecto, en alg\u00fan formato similar que garantice la devoluci\u00f3n de los productos en perfecto estado.<\/li>\n<li>Deber\u00e1 incluirse una copia del justificante de compra y del albar\u00e1n de entrega de los productos dentro del paquete, donde adem\u00e1s se indiquen los productos devueltos y el motivo de la devoluci\u00f3n.<\/li>\n<li>El Usuario asumir\u00e1 los gastos de env\u00edo por devoluci\u00f3n en caso de ejercicio del derecho de desistimiento. Las devoluciones de los pedidos deber\u00e1n realizarse siguiendo las instrucciones facilitadas por el proveedor de transporte SEUR. <\/li>\n<\/ul>\n<h2>Quejas y reclamaciones<strong><br><\/strong><\/h2>\n<p>El Cliente deber\u00e1 contactar con <strong>MARKUB SL<\/strong>, a trav\u00e9s de los medios indicados al inicio de las Condiciones Generales de Servicio, para manifestar sus quejas y reclamaciones, comprometi\u00e9ndose <strong>MARKUB SL<\/strong> a atenderlas lo antes posible y, en cualquier caso, en el plazo de un mes desde que son presentadas.<\/p>\n<h2>Idioma<\/h2>\n<p>Las Condiciones Generales de Servicio est\u00e1n redactadas en espa\u00f1ol.<\/p>\n<h2>Pol\u00edtica de privacidad<\/h2>\n<p>Puede revisar nuestra pol\u00edtica de privacidad en el siguiente <a href=\"https:\/\/vinosmaktub.com\/en\/politica-de-privacidad\/\"><u>enlace<\/u><\/a>.<\/p>\n<h2>Informaci\u00f3n sobre resoluci\u00f3n de conflictos en l\u00ednea<\/h2>\n<p>Conforme al art\u00edculo 14.1 del Reglamento 524\/2013 sobre resoluci\u00f3n de litigios en l\u00ednea en materia de consumo, le informamos de la existencia de una plataforma de resoluci\u00f3n de litigios en l\u00ednea facilitada por la Comisi\u00f3n Europea, as\u00ed como de la posibilidad de presentar su reclamaci\u00f3n a trav\u00e9s de la misma accediendo al siguiente enlace: <a href=\"https:\/\/ec.europa.eu\/consumers\/odr\/main\/index.cfm?event=main.home.chooseLanguage\" target=\"_blank\" rel=\"noopener\">https:\/\/ec.europa.eu\/consumers\/odr\/main\/index.cfm?event=main.home.chooseLanguage<\/a><\/p>\n<h2>Legislacion aplicable y jurisdiccion<\/h2>\n<p>Las Condiciones Generales de Servicio se regir\u00e1n e interpretar\u00e1n de conformidad con la legislaci\u00f3n espa\u00f1ola.<\/p>\n<p>En el supuesto de que surja cualquier conflicto o discrepancia en la interpretaci\u00f3n y\/o aplicaci\u00f3n de las Condiciones Generales, los Juzgados competentes ser\u00e1n los que disponga la normativa aplicable en materia de jurisdicci\u00f3n competente de consumidores y usuarios. Las partes se someten expresamente, para cualesquiera cuestiones o divergencias que pudieren suscitarse por raz\u00f3n de la interpretaci\u00f3n, cumplimiento y ejecuci\u00f3n de este contrato, a la jurisdicci\u00f3n y competencia de los Juzgados y Tribunales correspondientes al domicilio del comprador o a los del lugar de cumplimiento de la obligaci\u00f3n &nbsp;<\/p>\t\t\t\t\t\t\t\t<\/div>\n\t\t\t\t<\/div>\n\t\t\t\t\t<\/div>\n\t\t<\/div>\n\t\t\t\t\t<\/div>\n\t\t<\/section>\n\t\t\t\t<\/div>\n\t\t","protected":false},"excerpt":{"rendered":"<p>T\u00e9rminos y Condiciones generales de Servicio Estas Condiciones Generales de Servicio se aplican a la compra de los productos\/servicios que MARKUB S.L. comercializa a trav\u00e9s del sitio web alojado en la URL&nbsp;WWW.VINOSMAKTUB.COM a cualquier usuario. Los datos de identificaci\u00f3n y contacto de MARKUB S.L. son los siguientes: Domicilio social: C\/ TOMAS BRETON N\u00ba 50, MADRID [&hellip;]<\/p>\n","protected":false},"author":1,"featured_media":0,"parent":0,"menu_order":0,"comment_status":"closed","ping_status":"closed","template":"","meta":{"inline_featured_image":false,"footnotes":""},"class_list":["post-2790","page","type-page","status-publish","hentry"],"yoast_head":"<!-- This site is optimized with the Yoast SEO plugin v27.1.1 - https:\/\/yoast.com\/product\/yoast-seo-wordpress\/ -->\n<title>Terms and Conditions - Maktub Wines<\/title>\n<meta name=\"robots\" content=\"index, follow, max-snippet:-1, max-image-preview:large, max-video-preview:-1\" \/>\n<link rel=\"canonical\" href=\"https:\/\/vinosmaktub.com\/en\/terms-and-conditions\/\" \/>\n<meta property=\"og:locale\" content=\"en_US\" \/>\n<meta property=\"og:type\" content=\"article\" \/>\n<meta property=\"og:title\" content=\"Terms and Conditions - Maktub Wines\" \/>\n<meta property=\"og:description\" content=\"T\u00e9rminos y Condiciones generales de Servicio Estas Condiciones Generales de Servicio se aplican a la compra de los productos\/servicios que MARKUB S.L. comercializa a trav\u00e9s del sitio web alojado en la URL&nbsp;WWW.VINOSMAKTUB.COM a cualquier usuario. Los datos de identificaci\u00f3n y contacto de MARKUB S.L. son los siguientes: Domicilio social: C\/ TOMAS BRETON N\u00ba 50, MADRID [&hellip;]\" \/>\n<meta property=\"og:url\" content=\"https:\/\/vinosmaktub.com\/en\/terms-and-conditions\/\" \/>\n<meta property=\"og:site_name\" content=\"Maktub Wines\" \/>\n<meta property=\"article:modified_time\" content=\"2024-10-23T13:55:26+00:00\" \/>\n<meta name=\"twitter:card\" content=\"summary_large_image\" \/>\n<meta name=\"twitter:label1\" content=\"Est. reading time\" \/>\n\t<meta name=\"twitter:data1\" content=\"8 minutes\" \/>\n<script type=\"application\/ld+json\" class=\"yoast-schema-graph\">{\"@context\":\"https:\/\/schema.org\",\"@graph\":[{\"@type\":\"WebPage\",\"@id\":\"https:\/\/vinosmaktub.com\/en\/terms-and-conditions\/\",\"url\":\"https:\/\/vinosmaktub.com\/en\/terms-and-conditions\/\",\"name\":\"Terms and Conditions - Maktub Wines\",\"isPartOf\":{\"@id\":\"https:\/\/vinosmaktub.com\/en\/#website\"},\"datePublished\":\"2022-12-23T12:03:31+00:00\",\"dateModified\":\"2024-10-23T13:55:26+00:00\",\"breadcrumb\":{\"@id\":\"https:\/\/vinosmaktub.com\/en\/terms-and-conditions\/#breadcrumb\"},\"inLanguage\":\"en-US\",\"potentialAction\":[{\"@type\":\"ReadAction\",\"target\":[\"https:\/\/vinosmaktub.com\/en\/terms-and-conditions\/\"]}]},{\"@type\":\"BreadcrumbList\",\"@id\":\"https:\/\/vinosmaktub.com\/en\/terms-and-conditions\/#breadcrumb\",\"itemListElement\":[{\"@type\":\"ListItem\",\"position\":1,\"name\":\"Home\",\"item\":\"https:\/\/vinosmaktub.com\/en\/\"},{\"@type\":\"ListItem\",\"position\":2,\"name\":\"Terms and Conditions\"}]},{\"@type\":\"WebSite\",\"@id\":\"https:\/\/vinosmaktub.com\/en\/#website\",\"url\":\"https:\/\/vinosmaktub.com\/en\/\",\"name\":\"Maktub Wines\",\"description\":\"The Wine with the Best Karma\",\"publisher\":{\"@id\":\"https:\/\/vinosmaktub.com\/en\/#organization\"},\"potentialAction\":[{\"@type\":\"SearchAction\",\"target\":{\"@type\":\"EntryPoint\",\"urlTemplate\":\"https:\/\/vinosmaktub.com\/en\/?s={search_term_string}\"},\"query-input\":{\"@type\":\"PropertyValueSpecification\",\"valueRequired\":true,\"valueName\":\"search_term_string\"}}],\"inLanguage\":\"en-US\"},{\"@type\":\"Organization\",\"@id\":\"https:\/\/vinosmaktub.com\/en\/#organization\",\"name\":\"Maktub Wines\",\"url\":\"https:\/\/vinosmaktub.com\/en\/\",\"logo\":{\"@type\":\"ImageObject\",\"inLanguage\":\"en-US\",\"@id\":\"https:\/\/vinosmaktub.com\/en\/#\/schema\/logo\/image\/\",\"url\":\"https:\/\/vinosmaktub.com\/wp-content\/uploads\/2023\/01\/logo-maktub.png\",\"contentUrl\":\"https:\/\/vinosmaktub.com\/wp-content\/uploads\/2023\/01\/logo-maktub.png\",\"width\":620,\"height\":426,\"caption\":\"Maktub Wines\"},\"image\":{\"@id\":\"https:\/\/vinosmaktub.com\/en\/#\/schema\/logo\/image\/\"}}]}<\/script>\n<!-- \/ Yoast SEO plugin. -->","yoast_head_json":{"title":"Terms and Conditions - Maktub Wines","robots":{"index":"index","follow":"follow","max-snippet":"max-snippet:-1","max-image-preview":"max-image-preview:large","max-video-preview":"max-video-preview:-1"},"canonical":"https:\/\/vinosmaktub.com\/en\/terms-and-conditions\/","og_locale":"en_US","og_type":"article","og_title":"Terms and Conditions - Maktub Wines","og_description":"T\u00e9rminos y Condiciones generales de Servicio Estas Condiciones Generales de Servicio se aplican a la compra de los productos\/servicios que MARKUB S.L. comercializa a trav\u00e9s del sitio web alojado en la URL&nbsp;WWW.VINOSMAKTUB.COM a cualquier usuario. Los datos de identificaci\u00f3n y contacto de MARKUB S.L. son los siguientes: Domicilio social: C\/ TOMAS BRETON N\u00ba 50, MADRID [&hellip;]","og_url":"https:\/\/vinosmaktub.com\/en\/terms-and-conditions\/","og_site_name":"Maktub Wines","article_modified_time":"2024-10-23T13:55:26+00:00","twitter_card":"summary_large_image","twitter_misc":{"Est. reading time":"8 minutes"},"schema":{"@context":"https:\/\/schema.org","@graph":[{"@type":"WebPage","@id":"https:\/\/vinosmaktub.com\/en\/terms-and-conditions\/","url":"https:\/\/vinosmaktub.com\/en\/terms-and-conditions\/","name":"Terms and Conditions - Maktub Wines","isPartOf":{"@id":"https:\/\/vinosmaktub.com\/en\/#website"},"datePublished":"2022-12-23T12:03:31+00:00","dateModified":"2024-10-23T13:55:26+00:00","breadcrumb":{"@id":"https:\/\/vinosmaktub.com\/en\/terms-and-conditions\/#breadcrumb"},"inLanguage":"en-US","potentialAction":[{"@type":"ReadAction","target":["https:\/\/vinosmaktub.com\/en\/terms-and-conditions\/"]}]},{"@type":"BreadcrumbList","@id":"https:\/\/vinosmaktub.com\/en\/terms-and-conditions\/#breadcrumb","itemListElement":[{"@type":"ListItem","position":1,"name":"Home","item":"https:\/\/vinosmaktub.com\/en\/"},{"@type":"ListItem","position":2,"name":"Terms and Conditions"}]},{"@type":"WebSite","@id":"https:\/\/vinosmaktub.com\/en\/#website","url":"https:\/\/vinosmaktub.com\/en\/","name":"Maktub Wines","description":"The Wine with the Best Karma","publisher":{"@id":"https:\/\/vinosmaktub.com\/en\/#organization"},"potentialAction":[{"@type":"SearchAction","target":{"@type":"EntryPoint","urlTemplate":"https:\/\/vinosmaktub.com\/en\/?s={search_term_string}"},"query-input":{"@type":"PropertyValueSpecification","valueRequired":true,"valueName":"search_term_string"}}],"inLanguage":"en-US"},{"@type":"Organization","@id":"https:\/\/vinosmaktub.com\/en\/#organization","name":"Maktub Wines","url":"https:\/\/vinosmaktub.com\/en\/","logo":{"@type":"ImageObject","inLanguage":"en-US","@id":"https:\/\/vinosmaktub.com\/en\/#\/schema\/logo\/image\/","url":"https:\/\/vinosmaktub.com\/wp-content\/uploads\/2023\/01\/logo-maktub.png","contentUrl":"https:\/\/vinosmaktub.com\/wp-content\/uploads\/2023\/01\/logo-maktub.png","width":620,"height":426,"caption":"Maktub Wines"},"image":{"@id":"https:\/\/vinosmaktub.com\/en\/#\/schema\/logo\/image\/"}}]}},"_links":{"self":[{"href":"https:\/\/vinosmaktub.com\/en\/wp-json\/wp\/v2\/pages\/2790","targetHints":{"allow":["GET"]}}],"collection":[{"href":"https:\/\/vinosmaktub.com\/en\/wp-json\/wp\/v2\/pages"}],"about":[{"href":"https:\/\/vinosmaktub.com\/en\/wp-json\/wp\/v2\/types\/page"}],"author":[{"embeddable":true,"href":"https:\/\/vinosmaktub.com\/en\/wp-json\/wp\/v2\/users\/1"}],"replies":[{"embeddable":true,"href":"https:\/\/vinosmaktub.com\/en\/wp-json\/wp\/v2\/comments?post=2790"}],"version-history":[{"count":0,"href":"https:\/\/vinosmaktub.com\/en\/wp-json\/wp\/v2\/pages\/2790\/revisions"}],"wp:attachment":[{"href":"https:\/\/vinosmaktub.com\/en\/wp-json\/wp\/v2\/media?parent=2790"}],"curies":[{"name":"wp","href":"https:\/\/api.w.org\/{rel}","templated":true}]}}